{"id":963,"date":"2021-02-16T13:24:02","date_gmt":"2021-02-16T12:24:02","guid":{"rendered":"https:\/\/theatrelefilaplomb.fr\/blog\/?page_id=963"},"modified":"2021-02-24T14:10:57","modified_gmt":"2021-02-24T13:10:57","slug":"963-2","status":"publish","type":"page","link":"https:\/\/theatrelefilaplomb.fr\/blog\/","title":{"rendered":""},"content":{"rendered":"\n<div class=\"wp-block-cover has-background-dim has-parallax is-repeated\" style=\"background-image:url(http:\/\/theatrelefilaplomb.fr\/blog\/wp-content\/uploads\/2021\/01\/cropped-concert-coeur.jpg);min-height:110px;aspect-ratio:unset;\"><div class=\"wp-block-cover__inner-container is-layout-flow wp-block-cover-is-layout-flow\">\n<h1 class=\"has-text-align-center wp-block-heading\">Bienvenue sur le FIL (Forum d&rsquo;Interpr\u00e8tes Locaux)<\/h1>\n\n\n\n<p class=\"has-text-align-center\">Vous recherchez une compagnie d&rsquo;Occitanie ? Vous \u00eates bien tomb\u00e9s ! Ce site \u00e9vitera de vous donner du fil \u00e0 retordre et vous aidera \u00e0 trouver la compagnie dont vous avez besoin !<\/p>\n\n\n\n<p class=\"has-text-align-center\">A l&rsquo;inverse, vous \u00eates une compagnie d&rsquo;Occitanie et vous souhaitez \u00eatre r\u00e9f\u00e9renc\u00e9e sur le site ? Rendez-vous sur l&rsquo;onglet \u00ab\u00a0<a href=\"https:\/\/theatrelefilaplomb.fr\/blog\/inscription\/\">inscription<\/a>\u00a0\u00bb !<\/p>\n<\/div><\/div>\n\n\n\n<p><\/p>\n\n\n\n<p>Le principe est simple, tel un funambule, naviguez sur le fil, de compagnie en compagnie et, vous pourrez directement entrer en contact avec celles qui auront su faire chavirer votre c\u0153ur. <\/p>\n\n\n\n<p>Cr\u00e9\u00e9 \u00e0 l&rsquo;initiative de l&rsquo;\u00e9quipe du <a href=\"http:\/\/theatrelefilaplomb.fr\">Th\u00e9\u00e2tre du fil \u00e0 plomb<\/a> (Th\u00e9\u00e2tre Toulousain), ce site est un service destin\u00e9 aux compagnies d&rsquo;Occitanie et aux particuliers. Le FIL r\u00e9pertorie un maximum de compagnies Toulousaines et de ses environs tel un annuaire du spectacle vivant. <\/p>\n\n\n\n<p>Ce n&rsquo;est pas seulement une interface virtuelle, c&rsquo;est un espace convivial d&rsquo;\u00e9change et de partage !<\/p>\n\n\n\n<p>Tel un fil entre les com\u00e9diens et les particuliers, ce site \u00e0 vis\u00e9e \u00ab&nbsp;r\u00e9unificatrice&nbsp;\u00bb, permet aux particuliers, enseignants\/encadrants de contacter une compagnie th\u00e9\u00e2trale pour leurs \u00e9v\u00e8nements familiaux (mariage, anniversaire, enterrement de vie de jeune fille\/gar\u00e7on\u2026) ou professionnels.<\/p>\n\n\n\n<p>Chaque compagnie recens\u00e9e sur le site propose des spectacles \u00ab\u00a0tout terrains\u00a0\u00bb, fait pour \u00eatre jou\u00e9s en dehors des th\u00e9\u00e2tres, ou qui peuvent \u00eatre adapt\u00e9s \u00e0 diff\u00e9rents lieux pour \u00eatre repr\u00e9sent\u00e9s lors de nombreux \u00e9v\u00e8nements.<\/p>\n\n\n\n<p>Parce qu&rsquo;\u00e0 Toulouse il n&rsquo;y a pas que le cassoulet, venez d\u00e9couvrir les compagnies du sud ouest pour mettre un peu de piment dans vos \u00e9v\u00e8nements.<\/p>\n\n\n\n<p>Le FIL vous souhaite une bonne recherche !<\/p>\n\n\n\n<p class=\"has-text-align-right\">L&rsquo;\u00e9quipe du th\u00e9\u00e2tre du <a href=\"http:\/\/theatrelefilaplomb.fr\">Fil \u00e0 plomb<\/a><\/p>\n","protected":false},"excerpt":{"rendered":"<p>Le principe est simple, tel un funambule, naviguez sur le fil, de compagnie en compagnie et, vous pourrez directement entrer en contact avec celles qui auront su faire chavirer votre c\u0153ur. Cr\u00e9\u00e9 \u00e0 l&rsquo;initiative de l&rsquo;\u00e9quipe du Th\u00e9\u00e2tre du fil [&hellip;]<\/p>\n","protected":false},"author":1,"featured_media":0,"parent":0,"menu_order":0,"comment_status":"closed","ping_status":"closed","template":"page-templates\/page_fullwidth.php","meta":{"cybocfi_hide_featured_image":"","footnotes":""},"class_list":["post-963","page","type-page","status-publish","hentry","clearfix"],"jetpack_sharing_enabled":true,"jetpack-related-posts":[{"id":532,"url":"https:\/\/theatrelefilaplomb.fr\/blog\/mentions-legales\/","url_meta":{"origin":963,"position":0},"title":"Mentions l\u00e9gales","author":"Olivier","date":"24 d\u00e9cembre 2020","format":false,"excerpt":"1. Pr\u00e9sentation du site. En vertu de l'article 6 de la loi n\u00b0 2004-575 du 21 juin 2004 pour la confiance dans l'\u00e9conomie num\u00e9rique, il est pr\u00e9cis\u00e9 aux utilisateurs du site \"Forum d'interpr\u00e8tes locaux\" l'identit\u00e9 des diff\u00e9rents intervenants dans le cadre de sa r\u00e9alisation et de son suivi : Propri\u00e9taire\u2026","rel":"","context":"Article similaire","block_context":{"text":"Article similaire","link":""},"img":{"alt_text":"","src":"","width":0,"height":0},"classes":[]},{"id":869,"url":"https:\/\/theatrelefilaplomb.fr\/blog\/inscription\/","url_meta":{"origin":963,"position":1},"title":"Inscription","author":"Olivier","date":"10 f\u00e9vrier 2021","format":false,"excerpt":"Vous \u00eates une compagnie, et vous souhaitez appara\u00eetre sur ce blog? Rien de plus simple, remplissez le formulaire suivant et nous vous recontacterons d\u00e8s que possible!","rel":"","context":"Article similaire","block_context":{"text":"Article similaire","link":""},"img":{"alt_text":"","src":"","width":0,"height":0},"classes":[]},{"id":3,"url":"https:\/\/theatrelefilaplomb.fr\/blog\/politique-de-confidentialite\/","url_meta":{"origin":963,"position":2},"title":"Politique de confidentialit\u00e9","author":"Olivier","date":"24 d\u00e9cembre 2020","format":false,"excerpt":"Qui sommes-nous\u00a0? L\u2019adresse de notre site est\u00a0: https:\/\/theatrelefilaplomb.fr\/blog. Utilisation des donn\u00e9es personnelles collect\u00e9es Commentaires Quand vous laissez un commentaire sur notre site, les donn\u00e9es inscrites dans le formulaire de commentaire, mais aussi votre adresse IP et l\u2019agent utilisateur de votre navigateur sont collect\u00e9s pour nous aider \u00e0 la d\u00e9tection des\u2026","rel":"","context":"Article similaire","block_context":{"text":"Article similaire","link":""},"img":{"alt_text":"","src":"","width":0,"height":0},"classes":[]}],"_links":{"self":[{"href":"https:\/\/theatrelefilaplomb.fr\/blog\/wp-json\/wp\/v2\/pages\/963","targetHints":{"allow":["GET"]}}],"collection":[{"href":"https:\/\/theatrelefilaplomb.fr\/blog\/wp-json\/wp\/v2\/pages"}],"about":[{"href":"https:\/\/theatrelefilaplomb.fr\/blog\/wp-json\/wp\/v2\/types\/page"}],"author":[{"embeddable":true,"href":"https:\/\/theatrelefilaplomb.fr\/blog\/wp-json\/wp\/v2\/users\/1"}],"replies":[{"embeddable":true,"href":"https:\/\/theatrelefilaplomb.fr\/blog\/wp-json\/wp\/v2\/comments?post=963"}],"version-history":[{"count":5,"href":"https:\/\/theatrelefilaplomb.fr\/blog\/wp-json\/wp\/v2\/pages\/963\/revisions"}],"predecessor-version":[{"id":1007,"href":"https:\/\/theatrelefilaplomb.fr\/blog\/wp-json\/wp\/v2\/pages\/963\/revisions\/1007"}],"wp:attachment":[{"href":"https:\/\/theatrelefilaplomb.fr\/blog\/wp-json\/wp\/v2\/media?parent=963"}],"curies":[{"name":"wp","href":"https:\/\/api.w.org\/{rel}","templated":true}]}}